{"id":1479,"date":"2023-01-23T17:36:44","date_gmt":"2023-01-23T17:36:44","guid":{"rendered":"http:\/\/khorasan-times.com\/?page_id=1479"},"modified":"2023-01-23T17:47:18","modified_gmt":"2023-01-23T17:47:18","slug":"imprint","status":"publish","type":"page","link":"https:\/\/khorasan-times.com\/fa\/imprint\/","title":{"rendered":"Imprint"},"content":{"rendered":"\n<h2 class=\"wp-block-heading\"><strong>Information pursuant to Sect. 5 German Telemedia Act (TMG)<\/strong><\/h2>\n\n\n\n<p>Azadi e.V.<br>Goethestr. 3<br>80336 M\u00fcnchen<br><\/p>\n\n\n\n<p>Register of Associations: VR 207769<br>Registration court: M\u00fcnchen<\/p>\n\n\n\n<p><strong>Represented by:<\/strong><br>Ahmadshah Farid<\/p>\n\n\n\n<h2 class=\"wp-block-heading\"><strong>Contact<\/strong><\/h2>\n\n\n\n<p>Phone: 089 &#8211; 533 408<br>E-mail: info@azadi.at<\/p>\n\n\n\n<h2 class=\"wp-block-heading\"><strong>Person responsible for editorial<\/strong><\/h2>\n\n\n\n<p>Azadi e.V.<\/p>\n\n\n\n<h2 class=\"wp-block-heading\"><strong>EU dispute resolution<\/strong><\/h2>\n\n\n\n<p>The European Commission provides a platform for online dispute resolution (ODR): <a href=\"https:\/\/ec.europa.eu\/consumers\/odr\/\" target=\"_blank\" rel=\"noreferrer noopener\">https:\/\/ec.europa.eu\/consumers\/odr\/<\/a>.<br>Our e-mail address can be found above in the site notice.<\/p>\n\n\n\n<h2 class=\"wp-block-heading\"><strong>Dispute resolution proceedings in front of a consumer arbitration board<\/strong><\/h2>\n\n\n\n<p>We participate in a dispute settlement procedure before a consumer arbitration board. The competent consumer arbitration board is Zentrum f\u00fcr Schlichtung e.V., Stra\u00dfburger Stra\u00dfe 8, 77694 Kehl am Rhein (<a href=\"https:\/\/www.verbraucher-schlichter.de\" target=\"_blank\" rel=\"noreferrer noopener\">https:\/\/www.verbraucher-schlichter.de<\/a>).<\/p>\n","protected":false},"excerpt":{"rendered":"<p>Information pursuant to Sect. 5 German Telemedia Act (TMG) Azadi e.V.Goethestr. 380336 M\u00fcnchen Register of Associations: VR 207769Registration court: M\u00fcnchen Represented by:Ahmadshah Farid Contact Phone: 089 &#8211; 533 408E-mail: info@azadi.at Person responsible for editorial Azadi e.V. EU dispute resolution The European Commission provides a platform for online dispute resolution (ODR): https:\/\/ec.europa.eu\/consumers\/odr\/.Our e-mail address can be &hellip;<\/p>\n","protected":false},"author":1,"featured_media":0,"parent":0,"menu_order":0,"comment_status":"closed","ping_status":"closed","template":"","meta":[],"_links":{"self":[{"href":"https:\/\/khorasan-times.com\/fa\/wp-json\/wp\/v2\/pages\/1479"}],"collection":[{"href":"https:\/\/khorasan-times.com\/fa\/wp-json\/wp\/v2\/pages"}],"about":[{"href":"https:\/\/khorasan-times.com\/fa\/wp-json\/wp\/v2\/types\/page"}],"author":[{"embeddable":true,"href":"https:\/\/khorasan-times.com\/fa\/wp-json\/wp\/v2\/users\/1"}],"replies":[{"embeddable":true,"href":"https:\/\/khorasan-times.com\/fa\/wp-json\/wp\/v2\/comments?post=1479"}],"version-history":[{"count":1,"href":"https:\/\/khorasan-times.com\/fa\/wp-json\/wp\/v2\/pages\/1479\/revisions"}],"predecessor-version":[{"id":1480,"href":"https:\/\/khorasan-times.com\/fa\/wp-json\/wp\/v2\/pages\/1479\/revisions\/1480"}],"wp:attachment":[{"href":"https:\/\/khorasan-times.com\/fa\/wp-json\/wp\/v2\/media?parent=1479"}],"curies":[{"name":"wp","href":"https:\/\/api.w.org\/{rel}","templated":true}]}}