{"id":1491,"date":"2023-01-23T17:36:44","date_gmt":"2023-01-23T17:36:44","guid":{"rendered":"http:\/\/khorasan-times.com\/?page_id=1491"},"modified":"2023-01-31T09:23:14","modified_gmt":"2023-01-31T09:23:14","slug":"impressum","status":"publish","type":"page","link":"https:\/\/khorasan-times.com\/de\/impressum\/","title":{"rendered":"Impressum"},"content":{"rendered":"\n<h2 class=\"wp-block-heading\">Angaben gem\u00e4\u00df \u00a7 5 TMG<\/h2>\n\n\n\n<p>Azadi e.V.<br>\nGoethestr. 3<br>\n80336 M\u00fcnchen<\/p>\n\n\n\n<p>Vereinsregister: VR 207769<br>\nRegistergericht: M\u00fcnchen<\/p>\n\n\n\n<p><strong>Vertreten durch:<\/strong><br>\nAhmadshah Farid<\/p>\n\n\n\n<h2 class=\"wp-block-heading\">Kontakt<\/h2>\n\n\n\n<p>Telefon: 089 &#8211; 533 408<br>\nE-Mail: info@azadi.at<\/p>\n\n\n\n<h2 class=\"wp-block-heading\">Redaktionell verantwortlich<\/h2>\n\n\n\n<p>Azadi e.V.<\/p>\n\n\n\n<h2 class=\"wp-block-heading\">EU-Streitschlichtung<\/h2>\n\n\n\n<p>Die Europ\u00e4ische Kommission stellt eine Plattform zur Online-Streitbeilegung (OS) bereit: <a href=\"https:\/\/ec.europa.eu\/consumers\/odr\/\" target=\"_blank\" rel=\"noopener noreferrer\">https:\/\/ec.europa.eu\/consumers\/odr\/<\/a>.<br> Unsere E-Mail-Adresse finden Sie oben im Impressum.<\/p>\n\n\n\n<h2 class=\"wp-block-heading\">Verbraucher\u00adstreit\u00adbeilegung\/Universal\u00adschlichtungs\u00adstelle<\/h2>\n\n\n\n<p>Wir nehmen an einem Streitbeilegungsverfahren vor einer Verbraucherschlichtungsstelle teil. Zust\u00e4ndig ist die Universalschlichtungsstelle des Zentrums f\u00fcr Schlichtung e.V., Stra\u00dfburger Stra\u00dfe 8, 77694 Kehl am Rhein (<a href=\"https:\/\/www.verbraucher-schlichter.de\" rel=\"noopener noreferrer\" target=\"_blank\">https:\/\/www.verbraucher-schlichter.de<\/a>).<\/p>\n","protected":false},"excerpt":{"rendered":"<p>Angaben gem\u00e4\u00df \u00a7 5 TMG Azadi e.V. Goethestr. 3 80336 M\u00fcnchen Vereinsregister: VR 207769 Registergericht: M\u00fcnchen Vertreten durch: Ahmadshah Farid Kontakt Telefon: 089 &#8211; 533 408 E-Mail: info@azadi.at Redaktionell verantwortlich Azadi e.V. EU-Streitschlichtung Die Europ\u00e4ische Kommission stellt eine Plattform zur Online-Streitbeilegung (OS) bereit: https:\/\/ec.europa.eu\/consumers\/odr\/. Unsere E-Mail-Adresse finden Sie oben im Impressum. Verbraucher\u00adstreit\u00adbeilegung\/Universal\u00adschlichtungs\u00adstelle Wir nehmen an &hellip;<\/p>\n","protected":false},"author":1,"featured_media":0,"parent":0,"menu_order":0,"comment_status":"closed","ping_status":"closed","template":"","meta":[],"_links":{"self":[{"href":"https:\/\/khorasan-times.com\/de\/wp-json\/wp\/v2\/pages\/1491"}],"collection":[{"href":"https:\/\/khorasan-times.com\/de\/wp-json\/wp\/v2\/pages"}],"about":[{"href":"https:\/\/khorasan-times.com\/de\/wp-json\/wp\/v2\/types\/page"}],"author":[{"embeddable":true,"href":"https:\/\/khorasan-times.com\/de\/wp-json\/wp\/v2\/users\/1"}],"replies":[{"embeddable":true,"href":"https:\/\/khorasan-times.com\/de\/wp-json\/wp\/v2\/comments?post=1491"}],"version-history":[{"count":2,"href":"https:\/\/khorasan-times.com\/de\/wp-json\/wp\/v2\/pages\/1491\/revisions"}],"predecessor-version":[{"id":1493,"href":"https:\/\/khorasan-times.com\/de\/wp-json\/wp\/v2\/pages\/1491\/revisions\/1493"}],"wp:attachment":[{"href":"https:\/\/khorasan-times.com\/de\/wp-json\/wp\/v2\/media?parent=1491"}],"curies":[{"name":"wp","href":"https:\/\/api.w.org\/{rel}","templated":true}]}}